{"id":160,"date":"2018-11-28T09:37:11","date_gmt":"2018-11-28T07:37:11","guid":{"rendered":"http:\/\/www.lybesaitti.com\/riikkam\/?page_id=160"},"modified":"2020-04-28T20:17:39","modified_gmt":"2020-04-28T17:17:39","slug":"illustration","status":"publish","type":"page","link":"https:\/\/www.lybesaitti.com\/riikkam\/illustration\/","title":{"rendered":"Illustration"},"content":{"rendered":"<h5>Includes both personal and school works!<\/h5>\n<figure><img loading=\"lazy\" width=\"3376\" height=\"4960\" src=\"http:\/\/www.lybesaitti.com\/riikkam\/wp-content\/uploads\/2018\/11\/amaterasu_valmis2.png\" alt=\"\" srcset=\"https:\/\/www.lybesaitti.com\/riikkam\/wp-content\/uploads\/2018\/11\/amaterasu_valmis2.png 3376w, https:\/\/www.lybesaitti.com\/riikkam\/wp-content\/uploads\/2018\/11\/amaterasu_valmis2-204x300.png 204w, https:\/\/www.lybesaitti.com\/riikkam\/wp-content\/uploads\/2018\/11\/amaterasu_valmis2-768x1128.png 768w, https:\/\/www.lybesaitti.com\/riikkam\/wp-content\/uploads\/2018\/11\/amaterasu_valmis2-697x1024.png 697w\" sizes=\"(max-width: 3376px) 100vw, 3376px\"><\/figure>\n<h3>Amaterasu<\/h3>\n<p>For a pre convention gallery<\/p>\n<figure><img loading=\"lazy\" width=\"897\" height=\"1685\" src=\"http:\/\/www.lybesaitti.com\/riikkam\/wp-content\/uploads\/2018\/11\/derpp.png\" alt=\"\" srcset=\"https:\/\/www.lybesaitti.com\/riikkam\/wp-content\/uploads\/2018\/11\/derpp.png 897w, https:\/\/www.lybesaitti.com\/riikkam\/wp-content\/uploads\/2018\/11\/derpp-160x300.png 160w, https:\/\/www.lybesaitti.com\/riikkam\/wp-content\/uploads\/2018\/11\/derpp-768x1443.png 768w, https:\/\/www.lybesaitti.com\/riikkam\/wp-content\/uploads\/2018\/11\/derpp-545x1024.png 545w\" sizes=\"(max-width: 897px) 100vw, 897px\"><\/figure>\n<h3>New tablet<\/h3>\n<p>Celebrating a new tablet<\/p>\n<figure><img loading=\"lazy\" width=\"1700\" height=\"1391\" src=\"http:\/\/www.lybesaitti.com\/riikkam\/wp-content\/uploads\/2018\/11\/0012.png\" alt=\"\" srcset=\"https:\/\/www.lybesaitti.com\/riikkam\/wp-content\/uploads\/2018\/11\/0012.png 1700w, https:\/\/www.lybesaitti.com\/riikkam\/wp-content\/uploads\/2018\/11\/0012-300x245.png 300w, https:\/\/www.lybesaitti.com\/riikkam\/wp-content\/uploads\/2018\/11\/0012-768x628.png 768w, https:\/\/www.lybesaitti.com\/riikkam\/wp-content\/uploads\/2018\/11\/0012-1024x838.png 1024w\" sizes=\"(max-width: 1700px) 100vw, 1700px\"><\/figure>\n<h3>Symbolism #2<\/h3>\n<p>High school timed work<\/p>\n<figure><img loading=\"lazy\" width=\"1048\" height=\"1382\" src=\"http:\/\/www.lybesaitti.com\/riikkam\/wp-content\/uploads\/2018\/11\/noida.png\" alt=\"\" srcset=\"https:\/\/www.lybesaitti.com\/riikkam\/wp-content\/uploads\/2018\/11\/noida.png 1048w, https:\/\/www.lybesaitti.com\/riikkam\/wp-content\/uploads\/2018\/11\/noida-227x300.png 227w, https:\/\/www.lybesaitti.com\/riikkam\/wp-content\/uploads\/2018\/11\/noida-768x1013.png 768w, https:\/\/www.lybesaitti.com\/riikkam\/wp-content\/uploads\/2018\/11\/noida-777x1024.png 777w\" sizes=\"(max-width: 1048px) 100vw, 1048px\"><\/figure>\n<h3>Demon<\/h3>\n<p>Testing a painting style<\/p>\n<figure><img loading=\"lazy\" width=\"1011\" height=\"1295\" src=\"http:\/\/www.lybesaitti.com\/riikkam\/wp-content\/uploads\/2018\/11\/edgybith.png\" alt=\"\" srcset=\"https:\/\/www.lybesaitti.com\/riikkam\/wp-content\/uploads\/2018\/11\/edgybith.png 1011w, https:\/\/www.lybesaitti.com\/riikkam\/wp-content\/uploads\/2018\/11\/edgybith-234x300.png 234w, https:\/\/www.lybesaitti.com\/riikkam\/wp-content\/uploads\/2018\/11\/edgybith-768x984.png 768w, https:\/\/www.lybesaitti.com\/riikkam\/wp-content\/uploads\/2018\/11\/edgybith-799x1024.png 799w\" sizes=\"(max-width: 1011px) 100vw, 1011px\"><\/figure>\n<h3>Magic<\/h3>\n<p>Personal artwork<\/p>\n<figure><img loading=\"lazy\" width=\"2480\" height=\"3507\" src=\"http:\/\/www.lybesaitti.com\/riikkam\/wp-content\/uploads\/2018\/05\/n\u00e4ytt\u00f6.png\" alt=\"\" srcset=\"https:\/\/www.lybesaitti.com\/riikkam\/wp-content\/uploads\/2018\/05\/n\u00e4ytt\u00f6.png 2480w, https:\/\/www.lybesaitti.com\/riikkam\/wp-content\/uploads\/2018\/05\/n\u00e4ytt\u00f6-212x300.png 212w, https:\/\/www.lybesaitti.com\/riikkam\/wp-content\/uploads\/2018\/05\/n\u00e4ytt\u00f6-768x1086.png 768w, https:\/\/www.lybesaitti.com\/riikkam\/wp-content\/uploads\/2018\/05\/n\u00e4ytt\u00f6-724x1024.png 724w, https:\/\/www.lybesaitti.com\/riikkam\/wp-content\/uploads\/2018\/05\/n\u00e4ytt\u00f6-690x976.png 690w, https:\/\/www.lybesaitti.com\/riikkam\/wp-content\/uploads\/2018\/05\/n\u00e4ytt\u00f6-980x1386.png 980w\" sizes=\"(max-width: 2480px) 100vw, 2480px\"><\/figure>\n<h3>Flying Shibe<\/h3>\n<p>My first showing work<\/p>\n<figure><img loading=\"lazy\" width=\"525\" height=\"825\" src=\"http:\/\/www.lybesaitti.com\/riikkam\/wp-content\/uploads\/2018\/11\/uggo.png\" alt=\"\" srcset=\"https:\/\/www.lybesaitti.com\/riikkam\/wp-content\/uploads\/2018\/11\/uggo.png 525w, https:\/\/www.lybesaitti.com\/riikkam\/wp-content\/uploads\/2018\/11\/uggo-191x300.png 191w\" sizes=\"(max-width: 525px) 100vw, 525px\"><\/figure>\n<h3>Tonttu<\/h3>\n<p>for a children&#8217;s book<\/p>\n<figure><img loading=\"lazy\" width=\"1700\" height=\"1391\" src=\"http:\/\/www.lybesaitti.com\/riikkam\/wp-content\/uploads\/2018\/11\/0011.png\" alt=\"\" srcset=\"https:\/\/www.lybesaitti.com\/riikkam\/wp-content\/uploads\/2018\/11\/0011.png 1700w, https:\/\/www.lybesaitti.com\/riikkam\/wp-content\/uploads\/2018\/11\/0011-300x245.png 300w, https:\/\/www.lybesaitti.com\/riikkam\/wp-content\/uploads\/2018\/11\/0011-768x628.png 768w, https:\/\/www.lybesaitti.com\/riikkam\/wp-content\/uploads\/2018\/11\/0011-1024x838.png 1024w\" sizes=\"(max-width: 1700px) 100vw, 1700px\"><\/figure>\n<h3>Symbolism #1<\/h3>\n<p>High school timed work<\/p>\n<figure><img loading=\"lazy\" width=\"1197\" height=\"1684\" src=\"http:\/\/www.lybesaitti.com\/riikkam\/wp-content\/uploads\/2018\/11\/isk\u00e4llekorddi.png\" alt=\"\" srcset=\"https:\/\/www.lybesaitti.com\/riikkam\/wp-content\/uploads\/2018\/11\/isk\u00e4llekorddi.png 1197w, https:\/\/www.lybesaitti.com\/riikkam\/wp-content\/uploads\/2018\/11\/isk\u00e4llekorddi-213x300.png 213w, https:\/\/www.lybesaitti.com\/riikkam\/wp-content\/uploads\/2018\/11\/isk\u00e4llekorddi-768x1080.png 768w, https:\/\/www.lybesaitti.com\/riikkam\/wp-content\/uploads\/2018\/11\/isk\u00e4llekorddi-728x1024.png 728w\" sizes=\"(max-width: 1197px) 100vw, 1197px\"><\/figure>\n<h3>Father&#8217;s Day<\/h3>\n<p>A card for my dad<\/p>\n<figure><img loading=\"lazy\" width=\"1552\" height=\"1897\" src=\"http:\/\/www.lybesaitti.com\/riikkam\/wp-content\/uploads\/2018\/11\/ychhfulres.png\" alt=\"\" srcset=\"https:\/\/www.lybesaitti.com\/riikkam\/wp-content\/uploads\/2018\/11\/ychhfulres.png 1552w, https:\/\/www.lybesaitti.com\/riikkam\/wp-content\/uploads\/2018\/11\/ychhfulres-245x300.png 245w, https:\/\/www.lybesaitti.com\/riikkam\/wp-content\/uploads\/2018\/11\/ychhfulres-768x939.png 768w, https:\/\/www.lybesaitti.com\/riikkam\/wp-content\/uploads\/2018\/11\/ychhfulres-838x1024.png 838w\" sizes=\"(max-width: 1552px) 100vw, 1552px\"><\/figure>\n<h3>Idol<\/h3>\n<p>Song inspired commission<\/p>\n<figure><img loading=\"lazy\" width=\"2971\" height=\"1403\" src=\"http:\/\/www.lybesaitti.com\/riikkam\/wp-content\/uploads\/2018\/11\/animals.png\" alt=\"\" srcset=\"https:\/\/www.lybesaitti.com\/riikkam\/wp-content\/uploads\/2018\/11\/animals.png 2971w, https:\/\/www.lybesaitti.com\/riikkam\/wp-content\/uploads\/2018\/11\/animals-300x142.png 300w, https:\/\/www.lybesaitti.com\/riikkam\/wp-content\/uploads\/2018\/11\/animals-768x363.png 768w, https:\/\/www.lybesaitti.com\/riikkam\/wp-content\/uploads\/2018\/11\/animals-1024x484.png 1024w\" sizes=\"(max-width: 2971px) 100vw, 2971px\"><\/figure>\n<h3>Spirits<\/h3>\n<p>Personal artwork<\/p>\n<figure><img loading=\"lazy\" width=\"895\" height=\"691\" src=\"http:\/\/www.lybesaitti.com\/riikkam\/wp-content\/uploads\/2018\/11\/N\u00e4ytt\u00f6kuva-2017-11-20-kello-13.03.44.png\" alt=\"\" srcset=\"https:\/\/www.lybesaitti.com\/riikkam\/wp-content\/uploads\/2018\/11\/N\u00e4ytt\u00f6kuva-2017-11-20-kello-13.03.44.png 895w, https:\/\/www.lybesaitti.com\/riikkam\/wp-content\/uploads\/2018\/11\/N\u00e4ytt\u00f6kuva-2017-11-20-kello-13.03.44-300x232.png 300w, https:\/\/www.lybesaitti.com\/riikkam\/wp-content\/uploads\/2018\/11\/N\u00e4ytt\u00f6kuva-2017-11-20-kello-13.03.44-768x593.png 768w\" sizes=\"(max-width: 895px) 100vw, 895px\"><\/figure>\n<h3>Bells<\/h3>\n<p>Illustration for a Christmas calendar<\/p>\n<figure><img loading=\"lazy\" width=\"1994\" height=\"2130\" src=\"http:\/\/www.lybesaitti.com\/riikkam\/wp-content\/uploads\/2018\/11\/xmaslaura.png\" alt=\"\" srcset=\"https:\/\/www.lybesaitti.com\/riikkam\/wp-content\/uploads\/2018\/11\/xmaslaura.png 1994w, https:\/\/www.lybesaitti.com\/riikkam\/wp-content\/uploads\/2018\/11\/xmaslaura-281x300.png 281w, https:\/\/www.lybesaitti.com\/riikkam\/wp-content\/uploads\/2018\/11\/xmaslaura-768x820.png 768w, https:\/\/www.lybesaitti.com\/riikkam\/wp-content\/uploads\/2018\/11\/xmaslaura-959x1024.png 959w\" sizes=\"(max-width: 1994px) 100vw, 1994px\"><\/figure>\n<h3>Merry Huntmas<\/h3>\n<p>Christmas card for my close friend (2017)<\/p>\n<figure>\n\t\t\t\t\t\t\t\t\t\t<img loading=\"lazy\" width=\"730\" height=\"927\" src=\"http:\/\/www.lybesaitti.com\/riikkam\/wp-content\/uploads\/2020\/04\/P\u00e4\u00e4si\u00e4inen-806x1024.jpg\" alt=\"\" srcset=\"https:\/\/www.lybesaitti.com\/riikkam\/wp-content\/uploads\/2020\/04\/P\u00e4\u00e4si\u00e4inen-806x1024.jpg 806w, https:\/\/www.lybesaitti.com\/riikkam\/wp-content\/uploads\/2020\/04\/P\u00e4\u00e4si\u00e4inen-236x300.jpg 236w, https:\/\/www.lybesaitti.com\/riikkam\/wp-content\/uploads\/2020\/04\/P\u00e4\u00e4si\u00e4inen-768x975.jpg 768w, https:\/\/www.lybesaitti.com\/riikkam\/wp-content\/uploads\/2020\/04\/P\u00e4\u00e4si\u00e4inen-1210x1536.jpg 1210w, https:\/\/www.lybesaitti.com\/riikkam\/wp-content\/uploads\/2020\/04\/P\u00e4\u00e4si\u00e4inen-1613x2048.jpg 1613w, https:\/\/www.lybesaitti.com\/riikkam\/wp-content\/uploads\/2020\/04\/P\u00e4\u00e4si\u00e4inen-scaled.jpg 2016w\" sizes=\"(max-width: 730px) 100vw, 730px\"><figcaption>Easter walk (2020)<\/figcaption><\/figure>\n<figure>\n\t\t\t\t\t\t\t\t\t\t<img loading=\"lazy\" width=\"730\" height=\"479\" src=\"http:\/\/www.lybesaitti.com\/riikkam\/wp-content\/uploads\/2020\/04\/hawksksks-1024x672.png\" alt=\"\" srcset=\"https:\/\/www.lybesaitti.com\/riikkam\/wp-content\/uploads\/2020\/04\/hawksksks-1024x672.png 1024w, https:\/\/www.lybesaitti.com\/riikkam\/wp-content\/uploads\/2020\/04\/hawksksks-300x197.png 300w, https:\/\/www.lybesaitti.com\/riikkam\/wp-content\/uploads\/2020\/04\/hawksksks-768x504.png 768w, https:\/\/www.lybesaitti.com\/riikkam\/wp-content\/uploads\/2020\/04\/hawksksks-1536x1008.png 1536w, https:\/\/www.lybesaitti.com\/riikkam\/wp-content\/uploads\/2020\/04\/hawksksks-2048x1344.png 2048w\" sizes=\"(max-width: 730px) 100vw, 730px\"><figcaption>Wing hero: Hawks (2020)<\/figcaption><\/figure>\n","protected":false},"excerpt":{"rendered":"<p>Includes both personal and school works! Amaterasu For a pre convention gallery New tablet Celebrating a new tablet Symbolism #2 High school timed work Demon Testing a painting style Magic Personal artwork Flying Shibe My first showing work Tonttu for a children&#8217;s book Symbolism #1 High school timed work Father&#8217;s Day A card for my&hellip; <\/p>\n","protected":false},"author":1,"featured_media":0,"parent":0,"menu_order":0,"comment_status":"closed","ping_status":"closed","template":"","meta":[],"_links":{"self":[{"href":"https:\/\/www.lybesaitti.com\/riikkam\/wp-json\/wp\/v2\/pages\/160"}],"collection":[{"href":"https:\/\/www.lybesaitti.com\/riikkam\/wp-json\/wp\/v2\/pages"}],"about":[{"href":"https:\/\/www.lybesaitti.com\/riikkam\/wp-json\/wp\/v2\/types\/page"}],"author":[{"embeddable":true,"href":"https:\/\/www.lybesaitti.com\/riikkam\/wp-json\/wp\/v2\/users\/1"}],"replies":[{"embeddable":true,"href":"https:\/\/www.lybesaitti.com\/riikkam\/wp-json\/wp\/v2\/comments?post=160"}],"version-history":[{"count":14,"href":"https:\/\/www.lybesaitti.com\/riikkam\/wp-json\/wp\/v2\/pages\/160\/revisions"}],"predecessor-version":[{"id":254,"href":"https:\/\/www.lybesaitti.com\/riikkam\/wp-json\/wp\/v2\/pages\/160\/revisions\/254"}],"wp:attachment":[{"href":"https:\/\/www.lybesaitti.com\/riikkam\/wp-json\/wp\/v2\/media?parent=160"}],"curies":[{"name":"wp","href":"https:\/\/api.w.org\/{rel}","templated":true}]}}